{"id":62,"date":"2021-08-29T02:57:55","date_gmt":"2021-08-29T02:57:55","guid":{"rendered":"https:\/\/wpocean.com\/wp\/canun\/?page_id=62"},"modified":"2025-12-22T17:01:49","modified_gmt":"2025-12-22T17:01:49","slug":"home","status":"publish","type":"page","link":"https:\/\/tuabogadodefensor.net\/en\/","title":{"rendered":"Home"},"content":{"rendered":"<div data-elementor-type=\"wp-page\" data-elementor-id=\"62\" class=\"elementor elementor-62\">\n\t\t\t\t\t\t<section class=\"elementor-section elementor-top-section elementor-element elementor-element-3a8c34d elementor-section-full_width elementor-section-height-default elementor-section-height-default\" data-id=\"3a8c34d\" data-element_type=\"section\" data-e-type=\"section\">\n\t\t\t\t\t\t<div class=\"elementor-container elementor-column-gap-no\">\n\t\t\t\t\t<div class=\"elementor-column elementor-col-100 elementor-top-column elementor-element elementor-element-42f932a\" data-id=\"42f932a\" data-element_type=\"column\" data-e-type=\"column\">\n\t\t\t<div class=\"elementor-widget-wrap elementor-element-populated\">\n\t\t\t\t\t\t<div class=\"elementor-element elementor-element-f961930 elementor-widget elementor-widget-wpo-canun_slider\" data-id=\"f961930\" data-element_type=\"widget\" data-e-type=\"widget\" data-widget_type=\"wpo-canun_slider.default\">\n\t\t\t\t<div class=\"elementor-widget-container\">\n\t\t\t\t\t\t\t<div class=\"wpo-hero-slider\">\r\n\t\t\t<div class=\"swiper-container\">\r\n\t\t\t\t<div class=\"swiper-wrapper\">\r\n\t\t\t\t\t\t\t\t\t\t\t\t<div class=\"swiper-slide\">\r\n\t\t\t\t\t\t\t\t<div class=\"slide-inner slide-bg-image\" data-background=\"https:\/\/tuabogadodefensor.net\/wp-content\/uploads\/2025\/09\/cabecera.jpg\">\r\n\t\t\t\t\t\t\t\t\t<div class=\"container-fluid\">\r\n\t\t\t\t\t\t\t\t\t\t<div class=\"slide-content\">\r\n\t\t\t\t\t\t\t\t\t\t\t<div data-swiper-parallax=\"200\" class=\"wpo-hero-title-top\">\r\n\t\t\t\t\t\t\t\t\t\t\t\t\t\t\t\t\t\t\t\t\t\t\t<\/div>\r\n\t\t\t\t\t\t\t\t\t\t\t<div data-swiper-parallax=\"300\" class=\"slide-title\">\r\n\t\t\t\t\t\t\t\t\t\t\t\t<h2>Over 30 years defending your rights.<\/h2>\t\t\t\t\t\t\t\t\t\t\t<\/div>\r\n\t\t\t\t\t\t\t\t\t\t\t<div data-swiper-parallax=\"400\" class=\"slide-text\">\r\n\t\t\t\t\t\t\t\t\t\t\t\t<p>With a career dating back to 1992, I offer legal services founded on experience, dedication, and a profound commitment to justice. My objective is to provide each client with a robust defense and clear, honest legal counsel to resolve their legal problems in the most effective manner.<\/p>\t\t\t\t\t\t\t\t\t\t\t<\/div>\r\n\t\t\t\t\t\t\t\t\t\t\t<div class=\"clearfix\"><\/div>\r\n\t\t\t\t\t\t\t\t\t\t\t<div data-swiper-parallax=\"500\" class=\"slide-btns\"><a href=\"https:\/\/tuabogadodefensor.net\/en\/?page_id=66\"   class=\"theme-btn\" >Contact Me<\/a><\/div>\t\t\t\t\t\t\t\t\t\t<\/div>\r\n\t\t\t\t\t\t\t\t\t<\/div>\r\n\t\t\t\t\t\t\t\t<\/div> <!-- end slide-inner -->\r\n\t\t\t\t\t\t\t<\/div> <!-- end swiper-slide -->\r\n\t\t\t\t\t\t\t\t\t\t\t\t<div class=\"swiper-slide\">\r\n\t\t\t\t\t\t\t\t<div class=\"slide-inner slide-bg-image\" data-background=\"https:\/\/tuabogadodefensor.net\/wp-content\/uploads\/2025\/05\/factura_5.jpg\">\r\n\t\t\t\t\t\t\t\t\t<div class=\"container-fluid\">\r\n\t\t\t\t\t\t\t\t\t\t<div class=\"slide-content\">\r\n\t\t\t\t\t\t\t\t\t\t\t<div data-swiper-parallax=\"200\" class=\"wpo-hero-title-top\">\r\n\t\t\t\t\t\t\t\t\t\t\t\t\t\t\t\t\t\t\t\t\t\t\t<\/div>\r\n\t\t\t\t\t\t\t\t\t\t\t<div data-swiper-parallax=\"300\" class=\"slide-title\">\r\n\t\t\t\t\t\t\t\t\t\t\t\t<h2>A lifetime dedicated to the law.<\/h2>\t\t\t\t\t\t\t\t\t\t\t<\/div>\r\n\t\t\t\t\t\t\t\t\t\t\t<div data-swiper-parallax=\"400\" class=\"slide-text\">\r\n\t\t\t\t\t\t\t\t\t\t\t\t<p>I am a practicing attorney, admitted to the Bar since 1992, with an unwavering vocation for defending people's rights. My commitment to society is reflected in my active participation in the Legal Aid program for criminal law since 1994, and in the specialized program for Gender-Based Violence since its creation in 2000.<\/p>\t\t\t\t\t\t\t\t\t\t\t<\/div>\r\n\t\t\t\t\t\t\t\t\t\t\t<div class=\"clearfix\"><\/div>\r\n\t\t\t\t\t\t\t\t\t\t\t<div data-swiper-parallax=\"500\" class=\"slide-btns\"><a href=\"https:\/\/tuabogadodefensor.net\/en\/?page_id=66\"   class=\"theme-btn\" >Cantacta conmigo<\/a><\/div>\t\t\t\t\t\t\t\t\t\t<\/div>\r\n\t\t\t\t\t\t\t\t\t<\/div>\r\n\t\t\t\t\t\t\t\t<\/div> <!-- end slide-inner -->\r\n\t\t\t\t\t\t\t<\/div> <!-- end swiper-slide -->\r\n\t\t\t\t\t\t\t\t\t\t\t\t<div class=\"swiper-slide\">\r\n\t\t\t\t\t\t\t\t<div class=\"slide-inner slide-bg-image\" data-background=\"https:\/\/tuabogadodefensor.net\/wp-content\/uploads\/2021\/09\/page-title.jpg\">\r\n\t\t\t\t\t\t\t\t\t<div class=\"container-fluid\">\r\n\t\t\t\t\t\t\t\t\t\t<div class=\"slide-content\">\r\n\t\t\t\t\t\t\t\t\t\t\t<div data-swiper-parallax=\"200\" class=\"wpo-hero-title-top\">\r\n\t\t\t\t\t\t\t\t\t\t\t\t\t\t\t\t\t\t\t\t\t\t\t<\/div>\r\n\t\t\t\t\t\t\t\t\t\t\t<div data-swiper-parallax=\"300\" class=\"slide-title\">\r\n\t\t\t\t\t\t\t\t\t\t\t\t<h2>An Extensive Career<\/h2>\t\t\t\t\t\t\t\t\t\t\t<\/div>\r\n\t\t\t\t\t\t\t\t\t\t\t<div data-swiper-parallax=\"400\" class=\"slide-text\">\r\n\t\t\t\t\t\t\t\t\t\t\t\t<p>This long career has provided me with a deep understanding of the courts and a unique perspective to approach each case. My philosophy is based on three pillars:\n\nExperience: Over three decades of litigating in various jurisdictions.\n\nCommitment: A tenacious and rigorous defense of your interests.<\/p>\t\t\t\t\t\t\t\t\t\t\t<\/div>\r\n\t\t\t\t\t\t\t\t\t\t\t<div class=\"clearfix\"><\/div>\r\n\t\t\t\t\t\t\t\t\t\t\t<div data-swiper-parallax=\"500\" class=\"slide-btns\"><a href=\"https:\/\/tuabogadodefensor.net\/en\/?page_id=66\"   class=\"theme-btn\" >Contact Me<\/a><\/div>\t\t\t\t\t\t\t\t\t\t<\/div>\r\n\t\t\t\t\t\t\t\t\t<\/div>\r\n\t\t\t\t\t\t\t\t<\/div> <!-- end slide-inner -->\r\n\t\t\t\t\t\t\t<\/div> <!-- end swiper-slide -->\r\n\t\t\t\t\t\t\t\t\t<\/div>\r\n\t\t\t\t<!-- swipper controls -->\r\n\t\t\t\t\t\t\t\t\t<div class=\"swiper-pagination\"><\/div>\r\n\t\t\t\t\t<div class=\"swiper-button-next\"><\/div>\r\n\t\t\t\t\t<div class=\"swiper-button-prev\"><\/div>\r\n\t\t\t\t\t\t\t<\/div>\r\n\t\t<\/div>\r\n\t\t\t\t<\/div>\n\t\t\t\t<\/div>\n\t\t\t\t\t<\/div>\n\t\t<\/div>\n\t\t\t\t\t<\/div>\n\t\t<\/section>\n\t\t<div class=\"elementor-element elementor-element-d4d9685 e-grid e-con-boxed e-con e-parent\" data-id=\"d4d9685\" data-element_type=\"container\" data-e-type=\"container\">\n\t\t\t\t\t<div class=\"e-con-inner\">\n\t\t\t\t<div class=\"elementor-element elementor-element-d0fb7c8 elementor-widget elementor-widget-text-editor\" data-id=\"d0fb7c8\" data-element_type=\"widget\" data-e-type=\"widget\" data-widget_type=\"text-editor.default\">\n\t\t\t\t<div class=\"elementor-widget-container\">\n\t\t\t\t\t\t\t\t\t<h1>\u00a0<\/h1><h1>Seguridad y Confianza: Tu Defensa en Manos de un Experto<\/h1>\t\t\t\t\t\t\t\t<\/div>\n\t\t\t\t<\/div>\n\t\t\t\t<div class=\"elementor-element elementor-element-379efd4 elementor-widget elementor-widget-text-editor\" data-id=\"379efd4\" data-element_type=\"widget\" data-e-type=\"widget\" data-widget_type=\"text-editor.default\">\n\t\t\t\t<div class=\"elementor-widget-container\">\n\t\t\t\t\t\t\t\t\t<p>Con una <b data-path-to-node=\"2,1\" data-index-in-node=\"15\">dilatada trayectoria profesional<\/b>, ofrezco mucho m\u00e1s que un simple asesoramiento legal; aporto una experiencia real y consolidada en los tribunales, defendiendo casos complejos y protegiendo los intereses de mis clientes. Esta profunda veteran\u00eda me permite anticipar estrategias, navegar con seguridad por el sistema judicial y ofrecer una perspectiva clara y honesta sobre las posibilidades de cada caso. Cuando la situaci\u00f3n es cr\u00edtica, la experiencia no es un lujo, es la base de una defensa s\u00f3lida y la garant\u00eda de que sus derechos est\u00e1n en las manos m\u00e1s capaces.<\/p>\t\t\t\t\t\t\t\t<\/div>\n\t\t\t\t<\/div>\n\t\t\t\t\t<\/div>\n\t\t\t\t<\/div>\n\t\t<div class=\"elementor-element elementor-element-09c0ddd e-grid e-con-boxed e-con e-parent\" data-id=\"09c0ddd\" data-element_type=\"container\" data-e-type=\"container\">\n\t\t\t\t\t<div class=\"e-con-inner\">\n\t\t\t\t<div class=\"elementor-element elementor-element-d7d1d45 elementor-position-top elementor-widget elementor-widget-image-box\" data-id=\"d7d1d45\" data-element_type=\"widget\" data-e-type=\"widget\" data-widget_type=\"image-box.default\">\n\t\t\t\t<div class=\"elementor-widget-container\">\n\t\t\t\t\t<div class=\"elementor-image-box-wrapper\"><figure class=\"elementor-image-box-img\"><img fetchpriority=\"high\" decoding=\"async\" width=\"2102\" height=\"1183\" src=\"https:\/\/tuabogadodefensor.net\/wp-content\/uploads\/2025\/09\/cabecera.jpg\" class=\"elementor-animation-grow attachment-full size-full wp-image-1769\" alt=\"\" srcset=\"https:\/\/tuabogadodefensor.net\/wp-content\/uploads\/2025\/09\/cabecera.jpg 2102w, https:\/\/tuabogadodefensor.net\/wp-content\/uploads\/2025\/09\/cabecera-300x169.jpg 300w, https:\/\/tuabogadodefensor.net\/wp-content\/uploads\/2025\/09\/cabecera-1024x576.jpg 1024w, https:\/\/tuabogadodefensor.net\/wp-content\/uploads\/2025\/09\/cabecera-768x432.jpg 768w, https:\/\/tuabogadodefensor.net\/wp-content\/uploads\/2025\/09\/cabecera-1536x864.jpg 1536w, https:\/\/tuabogadodefensor.net\/wp-content\/uploads\/2025\/09\/cabecera-2048x1153.jpg 2048w\" sizes=\"(max-width: 2102px) 100vw, 2102px\" \/><\/figure><div class=\"elementor-image-box-content\"><h3 class=\"elementor-image-box-title\">Criminal Law<\/h3><\/div><\/div>\t\t\t\t<\/div>\n\t\t\t\t<\/div>\n\t\t\t\t<div class=\"elementor-element elementor-element-a894c0d elementor-position-top elementor-widget elementor-widget-image-box\" data-id=\"a894c0d\" data-element_type=\"widget\" data-e-type=\"widget\" data-widget_type=\"image-box.default\">\n\t\t\t\t<div class=\"elementor-widget-container\">\n\t\t\t\t\t<div class=\"elementor-image-box-wrapper\"><figure class=\"elementor-image-box-img\"><img decoding=\"async\" width=\"1170\" height=\"600\" src=\"https:\/\/tuabogadodefensor.net\/wp-content\/uploads\/2021\/09\/case-single-1.jpg\" class=\"elementor-animation-grow attachment-full size-full wp-image-597\" alt=\"\" \/><\/figure><div class=\"elementor-image-box-content\"><h3 class=\"elementor-image-box-title\">Civil Law<\/h3><\/div><\/div>\t\t\t\t<\/div>\n\t\t\t\t<\/div>\n\t\t\t\t<div class=\"elementor-element elementor-element-85c703e elementor-position-top elementor-widget elementor-widget-image-box\" data-id=\"85c703e\" data-element_type=\"widget\" data-e-type=\"widget\" data-widget_type=\"image-box.default\">\n\t\t\t\t<div class=\"elementor-widget-container\">\n\t\t\t\t\t<div class=\"elementor-image-box-wrapper\"><figure class=\"elementor-image-box-img\"><img decoding=\"async\" width=\"2208\" height=\"1474\" src=\"https:\/\/tuabogadodefensor.net\/wp-content\/uploads\/2025\/09\/paper-people-near-wooden-gavel-on-table-divorce-c-2024-11-19-05-03-21-utc.jpg\" class=\"elementor-animation-grow attachment-full size-full wp-image-1777\" alt=\"\" srcset=\"https:\/\/tuabogadodefensor.net\/wp-content\/uploads\/2025\/09\/paper-people-near-wooden-gavel-on-table-divorce-c-2024-11-19-05-03-21-utc.jpg 2208w, https:\/\/tuabogadodefensor.net\/wp-content\/uploads\/2025\/09\/paper-people-near-wooden-gavel-on-table-divorce-c-2024-11-19-05-03-21-utc-300x200.jpg 300w, https:\/\/tuabogadodefensor.net\/wp-content\/uploads\/2025\/09\/paper-people-near-wooden-gavel-on-table-divorce-c-2024-11-19-05-03-21-utc-1024x684.jpg 1024w, https:\/\/tuabogadodefensor.net\/wp-content\/uploads\/2025\/09\/paper-people-near-wooden-gavel-on-table-divorce-c-2024-11-19-05-03-21-utc-768x513.jpg 768w, https:\/\/tuabogadodefensor.net\/wp-content\/uploads\/2025\/09\/paper-people-near-wooden-gavel-on-table-divorce-c-2024-11-19-05-03-21-utc-1536x1025.jpg 1536w, https:\/\/tuabogadodefensor.net\/wp-content\/uploads\/2025\/09\/paper-people-near-wooden-gavel-on-table-divorce-c-2024-11-19-05-03-21-utc-2048x1367.jpg 2048w\" sizes=\"(max-width: 2208px) 100vw, 2208px\" \/><\/figure><div class=\"elementor-image-box-content\"><h3 class=\"elementor-image-box-title\">Family Law<\/h3><\/div><\/div>\t\t\t\t<\/div>\n\t\t\t\t<\/div>\n\t\t\t\t<div class=\"elementor-element elementor-element-37eea3b elementor-position-top elementor-widget elementor-widget-image-box\" data-id=\"37eea3b\" data-element_type=\"widget\" data-e-type=\"widget\" data-widget_type=\"image-box.default\">\n\t\t\t\t<div class=\"elementor-widget-container\">\n\t\t\t\t\t<div class=\"elementor-image-box-wrapper\"><figure class=\"elementor-image-box-img\"><img loading=\"lazy\" decoding=\"async\" width=\"1800\" height=\"1200\" src=\"https:\/\/tuabogadodefensor.net\/wp-content\/uploads\/2025\/09\/violencia_de_genero.jpg\" class=\"elementor-animation-grow attachment-full size-full wp-image-1855\" alt=\"\" srcset=\"https:\/\/tuabogadodefensor.net\/wp-content\/uploads\/2025\/09\/violencia_de_genero.jpg 1800w, https:\/\/tuabogadodefensor.net\/wp-content\/uploads\/2025\/09\/violencia_de_genero-300x200.jpg 300w, https:\/\/tuabogadodefensor.net\/wp-content\/uploads\/2025\/09\/violencia_de_genero-1024x683.jpg 1024w, https:\/\/tuabogadodefensor.net\/wp-content\/uploads\/2025\/09\/violencia_de_genero-768x512.jpg 768w, https:\/\/tuabogadodefensor.net\/wp-content\/uploads\/2025\/09\/violencia_de_genero-1536x1024.jpg 1536w\" sizes=\"(max-width: 1800px) 100vw, 1800px\" \/><\/figure><div class=\"elementor-image-box-content\"><h3 class=\"elementor-image-box-title\">Gender-Based Violence<\/h3><\/div><\/div>\t\t\t\t<\/div>\n\t\t\t\t<\/div>\n\t\t\t\t\t<\/div>\n\t\t\t\t<\/div>\n\t\t<div class=\"elementor-element elementor-element-6b6b75f e-flex e-con-boxed e-con e-parent\" data-id=\"6b6b75f\" data-element_type=\"container\" data-e-type=\"container\">\n\t\t\t\t\t<div class=\"e-con-inner\">\n\t\t\t\t<div class=\"elementor-element elementor-element-3e314e7 elementor-widget elementor-widget-spacer\" data-id=\"3e314e7\" data-element_type=\"widget\" data-e-type=\"widget\" data-widget_type=\"spacer.default\">\n\t\t\t\t<div class=\"elementor-widget-container\">\n\t\t\t\t\t\t\t<div class=\"elementor-spacer\">\n\t\t\t<div class=\"elementor-spacer-inner\"><\/div>\n\t\t<\/div>\n\t\t\t\t\t\t<\/div>\n\t\t\t\t<\/div>\n\t\t\t\t\t<\/div>\n\t\t\t\t<\/div>\n\t\t\t\t<section class=\"elementor-section elementor-top-section elementor-element elementor-element-0893dbe elementor-section-full_width elementor-section-height-default elementor-section-height-default\" data-id=\"0893dbe\" data-element_type=\"section\" data-e-type=\"section\">\n\t\t\t\t\t\t<div class=\"elementor-container elementor-column-gap-no\">\n\t\t\t\t\t<div class=\"elementor-column elementor-col-100 elementor-top-column elementor-element elementor-element-9ea44ef\" data-id=\"9ea44ef\" data-element_type=\"column\" data-e-type=\"column\">\n\t\t\t<div class=\"elementor-widget-wrap elementor-element-populated\">\n\t\t\t\t\t\t<div class=\"elementor-element elementor-element-2a98b6a elementor-widget elementor-widget-spacer\" data-id=\"2a98b6a\" data-element_type=\"widget\" data-e-type=\"widget\" data-widget_type=\"spacer.default\">\n\t\t\t\t<div class=\"elementor-widget-container\">\n\t\t\t\t\t\t\t<div class=\"elementor-spacer\">\n\t\t\t<div class=\"elementor-spacer-inner\"><\/div>\n\t\t<\/div>\n\t\t\t\t\t\t<\/div>\n\t\t\t\t<\/div>\n\t\t\t\t<div class=\"elementor-element elementor-element-8925763 elementor-widget elementor-widget-wpo-canun_cta\" data-id=\"8925763\" data-element_type=\"widget\" data-e-type=\"widget\" data-settings=\"{&quot;cta_image&quot;:{&quot;url&quot;:&quot;https:\\\/\\\/tuabogadodefensor.net\\\/wp-content\\\/uploads\\\/2021\\\/09\\\/team-single-1.jpg&quot;,&quot;id&quot;:703,&quot;size&quot;:&quot;&quot;,&quot;alt&quot;:&quot;&quot;,&quot;source&quot;:&quot;library&quot;},&quot;cta_bg&quot;:{&quot;url&quot;:&quot;http:\\\/\\\/wpocean.com\\\/wp\\\/canun\\\/wp-content\\\/uploads\\\/2021\\\/09\\\/testimonial.jpg&quot;,&quot;id&quot;:371,&quot;size&quot;:&quot;&quot;,&quot;alt&quot;:&quot;&quot;,&quot;source&quot;:&quot;library&quot;}}\" data-widget_type=\"wpo-canun_cta.default\">\n\t\t\t\t<div class=\"elementor-widget-container\">\n\t\t\t\t\t\t\t<div class=\"wpo-consultancy-section section-padding\"  style=\"background-image: url( https:\/\/tuabogadodefensor.net\/wp-content\/uploads\/2021\/09\/testimonial.jpg );\">\n\t\t\t<div class=\"container\">\n\t\t\t\t<div class=\"wpo-consultancy-section-wrapper\">\n\t\t\t\t\t<div class=\"row\">\n\t\t\t\t\t\t<div class=\"col-lg-4\">\n\t\t\t\t\t\t\t<div class=\"consult-img\">\n\t\t\t\t\t\t\t\t<img decoding=\"async\" class=\"img-responlsive\" src=\"https:\/\/tuabogadodefensor.net\/wp-content\/uploads\/2021\/09\/team-single-1.jpg\" alt=\"\">\t\t\t\t\t\t\t<\/div>\n\t\t\t\t\t\t<\/div>\n\t\t\t\t\t\t<div class=\"col-lg-8 col-md-12 col-12\">\n\t\t\t\t\t\t\t<div class=\"wpo-consultancy-form-area\">\n\t\t\t\t\t\t\t\t<div class=\"wpo-section-title\">\n\t\t\t\t\t\t\t\t\t<h2>Contact Me<\/h2>\t\t\t\t\t\t\t\t<\/div>\n\t\t\t\t\t\t\t\t<div class=\"canun-form\">\n\t\t\t\t\t\t\t\t\t\n<div class=\"wpcf7 no-js\" id=\"wpcf7-f430-o1\" lang=\"en-US\" dir=\"ltr\" data-wpcf7-id=\"430\">\n<div class=\"screen-reader-response\"><p role=\"status\" aria-live=\"polite\" aria-atomic=\"true\"><\/p> <ul><\/ul><\/div>\n<form action=\"\/en\/wp-json\/wp\/v2\/pages\/62#wpcf7-f430-o1\" method=\"post\" class=\"wpcf7-form init\" aria-label=\"Contact form\" novalidate=\"novalidate\" data-status=\"init\" data-trp-original-action=\"\/en\/wp-json\/wp\/v2\/pages\/62#wpcf7-f430-o1\">\n<fieldset class=\"hidden-fields-container\"><input type=\"hidden\" name=\"_wpcf7\" value=\"430\" \/><input type=\"hidden\" name=\"_wpcf7_version\" value=\"6.1.5\" \/><input type=\"hidden\" name=\"_wpcf7_locale\" value=\"en_US\" \/><input type=\"hidden\" name=\"_wpcf7_unit_tag\" value=\"wpcf7-f430-o1\" \/><input type=\"hidden\" name=\"_wpcf7_container_post\" value=\"0\" \/><input type=\"hidden\" name=\"_wpcf7_posted_data_hash\" value=\"\" \/>\n<\/fieldset>\n<div class=\"row\">\n\t<div class=\"col-lg-6\">\n\t\t<p><span class=\"wpcf7-form-control-wrap\" data-name=\"text-423\"><input size=\"40\" maxlength=\"400\" class=\"wpcf7-form-control wpcf7-text wpcf7-validates-as-required form-control\" aria-required=\"true\" aria-invalid=\"false\" placeholder=\"Your Name\" value=\"\" type=\"text\" name=\"text-423\" \/><\/span>\n\t\t<\/p>\n\t<\/div>\n\t<div class=\"col-lg-6\">\n\t\t<p><span class=\"wpcf7-form-control-wrap\" data-name=\"email-419\"><input size=\"40\" maxlength=\"400\" class=\"wpcf7-form-control wpcf7-email wpcf7-validates-as-required wpcf7-text wpcf7-validates-as-email form-control\" aria-required=\"true\" aria-invalid=\"false\" placeholder=\"Email\" value=\"\" type=\"email\" name=\"email-419\" \/><\/span>\n\t\t<\/p>\n\t<\/div>\n\t<div class=\"col-lg-6\">\n\t\t<p><span class=\"wpcf7-form-control-wrap\" data-name=\"tel-570\"><input size=\"40\" maxlength=\"400\" class=\"wpcf7-form-control wpcf7-tel wpcf7-validates-as-required wpcf7-text wpcf7-validates-as-tel form-control\" aria-required=\"true\" aria-invalid=\"false\" placeholder=\"Your phone\" value=\"\" type=\"tel\" name=\"tel-570\" \/><\/span>\n\t\t<\/p>\n\t<\/div>\n\t<div class=\"col-lg-6\">\n\t\t<p><span class=\"wpcf7-form-control-wrap\" data-name=\"menu-490\"><select class=\"wpcf7-form-control wpcf7-select wpcf7-validates-as-required form-control\" aria-required=\"true\" aria-invalid=\"false\" name=\"menu-490\"><option value=\"Asunto\">Asunto<\/option><option value=\"Derecho Penal\">Criminal Law<\/option><option value=\"Derecho Civil\">Civil Law<\/option><option value=\"Derecho de familia\">Derecho de familia<\/option><option value=\"Violencia de G\u00e9nero\">Violencia de G\u00e9nero<\/option><\/select><\/span>\n\t\t<\/p>\n\t<\/div>\n\t<div class=\"fullwidth col-lg-12\">\n\t\t<p><span class=\"wpcf7-form-control-wrap\" data-name=\"textarea-512\"><textarea cols=\"40\" rows=\"10\" maxlength=\"2000\" class=\"wpcf7-form-control wpcf7-textarea wpcf7-validates-as-required form-control\" aria-required=\"true\" aria-invalid=\"false\" placeholder=\"Mesagge\" name=\"textarea-512\"><\/textarea><\/span>\n\t\t<\/p>\n\t<\/div>\n<\/div>\n<div class=\"submit-area\">\n\t<p><input class=\"wpcf7-form-control wpcf7-submit has-spinner theme-btn\" type=\"submit\" value=\"Schedule a Consultation\" \/>\n\t<\/p>\n<\/div><div class=\"wpcf7-response-output\" aria-hidden=\"true\"><\/div>\n<input type=\"hidden\" name=\"trp-form-language\" value=\"en\"\/><\/form>\n<\/div>\n\t\t\t\t\t\t\t\t<\/div>\n\t\t\t\t\t\t\t<\/div>\n\t\t\t\t\t\t<\/div>\n\t\t\t\t\t<\/div>\n\t\t\t\t<\/div>\n\t\t\t<\/div>\n\t\t<\/div>\n\t\t\t\t<\/div>\n\t\t\t\t<\/div>\n\t\t\t\t\t<\/div>\n\t\t<\/div>\n\t\t\t\t\t<\/div>\n\t\t<\/section>\n\t\t<div class=\"elementor-element elementor-element-ed63148 e-flex e-con-boxed e-con e-parent\" data-id=\"ed63148\" data-element_type=\"container\" data-e-type=\"container\">\n\t\t\t\t\t<div class=\"e-con-inner\">\n\t\t\t\t<div class=\"elementor-element elementor-element-bb380e0 elementor-widget elementor-widget-image\" data-id=\"bb380e0\" data-element_type=\"widget\" data-e-type=\"widget\" data-widget_type=\"image.default\">\n\t\t\t\t<div class=\"elementor-widget-container\">\n\t\t\t\t\t\t\t\t\t\t\t\t\t\t\t<img loading=\"lazy\" decoding=\"async\" width=\"768\" height=\"183\" src=\"https:\/\/tuabogadodefensor.net\/wp-content\/uploads\/2025\/05\/kit-digital_new-768x183.png\" class=\"attachment-medium_large size-medium_large wp-image-1320\" alt=\"\" srcset=\"https:\/\/tuabogadodefensor.net\/wp-content\/uploads\/2025\/05\/kit-digital_new-768x183.png 768w, https:\/\/tuabogadodefensor.net\/wp-content\/uploads\/2025\/05\/kit-digital_new-300x71.png 300w, https:\/\/tuabogadodefensor.net\/wp-content\/uploads\/2025\/05\/kit-digital_new-1024x244.png 1024w, https:\/\/tuabogadodefensor.net\/wp-content\/uploads\/2025\/05\/kit-digital_new-600x143.png 600w, https:\/\/tuabogadodefensor.net\/wp-content\/uploads\/2025\/05\/kit-digital_new-150x36.png 150w, https:\/\/tuabogadodefensor.net\/wp-content\/uploads\/2025\/05\/kit-digital_new.png 1101w\" sizes=\"(max-width: 768px) 100vw, 768px\" \/>\t\t\t\t\t\t\t\t\t\t\t\t\t\t\t<\/div>\n\t\t\t\t<\/div>\n\t\t\t\t\t<\/div>\n\t\t\t\t<\/div>\n\t\t\t\t<\/div>","protected":false},"excerpt":{"rendered":"M\u00e1s de 30 a\u00f1os defendiendo tus derechos Con una trayectoria que se remonta a 1992, ofrezco un servicio legal basado en la experiencia, la dedicaci\u00f3n y un profundo compromiso con la justicia. Mi objetivo es proporcionar a cada cliente una defensa s\u00f3lida y una asesor\u00eda jur\u00eddica clara y honesta para resolver sus problemas legales de","protected":false},"author":1,"featured_media":0,"parent":0,"menu_order":0,"comment_status":"closed","ping_status":"closed","template":"elementor_header_footer","meta":{"footnotes":""},"class_list":["post-62","page","type-page","status-publish","hentry"],"_links":{"self":[{"href":"https:\/\/tuabogadodefensor.net\/en\/wp-json\/wp\/v2\/pages\/62","targetHints":{"allow":["GET"]}}],"collection":[{"href":"https:\/\/tuabogadodefensor.net\/en\/wp-json\/wp\/v2\/pages"}],"about":[{"href":"https:\/\/tuabogadodefensor.net\/en\/wp-json\/wp\/v2\/types\/page"}],"author":[{"embeddable":true,"href":"https:\/\/tuabogadodefensor.net\/en\/wp-json\/wp\/v2\/users\/1"}],"replies":[{"embeddable":true,"href":"https:\/\/tuabogadodefensor.net\/en\/wp-json\/wp\/v2\/comments?post=62"}],"version-history":[{"count":326,"href":"https:\/\/tuabogadodefensor.net\/en\/wp-json\/wp\/v2\/pages\/62\/revisions"}],"predecessor-version":[{"id":1914,"href":"https:\/\/tuabogadodefensor.net\/en\/wp-json\/wp\/v2\/pages\/62\/revisions\/1914"}],"wp:attachment":[{"href":"https:\/\/tuabogadodefensor.net\/en\/wp-json\/wp\/v2\/media?parent=62"}],"curies":[{"name":"wp","href":"https:\/\/api.w.org\/{rel}","templated":true}]}}